{"id":914,"date":"2023-09-05T14:04:00","date_gmt":"2023-09-05T12:04:00","guid":{"rendered":"http:\/\/www.centroessere.ch\/?page_id=914"},"modified":"2024-09-26T17:56:33","modified_gmt":"2024-09-26T15:56:33","slug":"claudia-ara","status":"publish","type":"page","link":"https:\/\/centroessere.ch\/?page_id=914","title":{"rendered":"Claudia Ara"},"content":{"rendered":"<p><!--StartFragment--><\/p>\n<h1>Claudia Ara<\/h1>\n<table style=\"border: none;\">\n<tbody>\n<tr>\n<td style=\"border: none; width: 225px;\"><img loading=\"lazy\" decoding=\"async\" class=\"alignnone  wp-image-468\" src=\"https:\/\/centroessere.ch\/wp-content\/uploads\/2023\/09\/Portrait-Claudia-Ara-233x300.jpg\" alt=\"\" width=\"233\" height=\"300\"><\/td>\n<td style=\"border: none;\">Psicologa e Psicoterapeuta FSP,<br>Sessuologa clinica,<br>Terapeuta EMDR e Ipnosi,<br>Mediazione Familiare<p><\/p>\n<\/td>\n<\/tr>\n<\/tbody>\n<\/table>\n<p>Lista di attesa: un paio di settimane.<br>Assicurazione: Coperta dalla cassa malati di base.<\/p>\n<p>Per fissare un primo incontro \u00e8 necessario avere una prescrizione medica per sedute di psicoterapia, stilata dal medico di famiglia o da un medico psichiatra.<\/p>\n<p><em>Tutte le sedute sono fatturate indipendentemente dalla ragione dell\u2019annullamento salvo se annunciato con almeno 48 ore di anticipo.<\/em><\/p>\n<h5><strong>Su di me<\/strong><\/h5>\n<p>Amante dello studio delle scienze umane, sono laureata sia in Psicologia che in Scienze dell\u2019Educazione, mi sono specializzata in Psicoterapia ad indirizzo sistemico-relazionale e perfezionata in Sessuologia clinica. Ho conseguito tre master universitari: in Mediazione Familiare, Criminologia e in Tecniche Psicoeducative in riabilitazione psichiatrica. Ho svolto, inoltre, il master in Ipnosi e sono anche terapeuta EMDR, un tipo di approccio terapeutico efficace e potente per il trattamento di traumi e stress psicologici di varia entit\u00e0, nonch\u00e9 nel trattamento delle disfunzioni sessuali.<\/p>\n<p>Prima di svolgere l\u2019attivit\u00e0 indipendente in Ticino, ho maturato in Italia un\u2019esperienza professionale ultraventennale sia in ambito privato che istituzionale, svolgendo l\u2019attivit\u00e0 clinica e psicoeducativa in diversi studi polispecialistici, presso il Dipartimento di Psichiatria, Psicologia Clinica&nbsp; e Psicoterapia del Santagostino a Milano, presso il Dipartimento di Salute Mentale di Sassari, presso i Centri per le Famiglie di Alghero e nel reparto di Psicologia Ospedaliera dell\u2019Ospedale Santissima Annunziata di Sassari.<\/p>\n<p>Ho svolto, inoltre, l\u2019attivit\u00e0 di Giudice Onorario presso il Tribunale di Sorveglianza di Sassari, mentre in ambito formativo ha lavorato come docente per alcuni Enti di Formazione regionali e come psicologa scolastica in diverse scuole di ordine e grado.<\/p>\n<h5><strong>Offerta<\/strong><\/h5>\n<h5><em><strong>Psicologia e Psicoterapia <\/strong><\/em><\/h5>\n<p>Attraverso i percorsi di sostegno psicologico e di psicoterapia mi propongo di aiutare le persone (adolescenti e adulti) a scoprire nuove risorse a livello individuale, di coppia e familiare per realizzare un cambiamento finalizzato a sviluppare relazioni, modi di pensare, comportamenti e stili di vita pi\u00f9 adeguati e armoniosi.<\/p>\n<p>Le aree di intervento possono riguardare:<\/p>\n<ul>\n<li>i principali disturbi del panorama psicopatologico (fobie e ansia, disturbi dell\u2019umore, dipendenza, disturbi del comportamento alimentare, disturbi di personalit\u00e0, ossessioni, disturbi da trauma e stress, psicosi, disfunzioni sessuali, disforia di genere, ecc.),<\/li>\n<li>le situazioni critiche legate alle fasi del ciclo di vita (matrimonio, gravidanza, nascita dei figli, pensionamento, ecc.)<\/li>\n<li>i disagi determinati da circostanze particolari (ipofertilit\u00e0, difficolt\u00e0 coniugali, separazione e divorzio, malattie croniche o invalidanti, tradimento, disabilit\u00e0, abusi, licenziamento, ecc.).<\/li>\n<\/ul>\n<p>Durante il percorso, oltre al colloquio e alle tecniche proprie della psicoterapia sistemico \u2013 relazionale, potranno essere utilizzate l\u2019EMDR e l\u2019Ipnosi.<\/p>\n<h5><strong><em>La psicoterapia sessuologica<\/em><\/strong><\/h5>\n<p>La terapia sessuologica \u00e8 a tutti gli effetti una forma di psicoterapia che si occupa di promuovere, di mantenere ristabilire la salute sessuale intesa come un intreccio di fattori biologici, psicologici e socioculturali.<\/p>\n<p>I colloqui, individuali e\/o di coppia di ogni orientamento sessuale possono essere richiesti in situazioni di eccessiva ansia, preoccupazione o disagio rispetto alla propria vita affettiva e sessuale (ad es. patologie organiche che impattano sulla sessualit\u00e0 come endometriosi o neoplasie, disagi in menopausa o andropausa, dipendenza affettiva e sessuale, disturbi legati all\u2019immagine corporea, disforia di genere, etc.) o in presenza di vere e proprie disfunzioni sessuali (disturbi del desiderio, disfunzione erettile, eiaculazione precoce o ritardata, anorgasmia, vaginismo, dolore sessuale, vulvodinia, etc.).<\/p>\n<p>L\u2019approccio che utilizzo \u00e8 quello integrato perch\u00e9 pu\u00f2 prevedere l\u2019integrazione tra varie figure professionali (ad es. medico ginecologo, urologo, andrologo, ostetrica, fisioterapista, etc), nonch\u00e9 il ricorso a varie tecniche derivanti da diversi orientamenti psicoterapeutici.<\/p>\n<p><img loading=\"lazy\" decoding=\"async\" class=\"size-medium wp-image-924 aligncenter\" src=\"https:\/\/centroessere.ch\/wp-content\/uploads\/2023\/09\/Studio-Claudia1-300x225.jpg\" alt=\"\" width=\"300\" height=\"225\" srcset=\"https:\/\/centroessere.ch\/wp-content\/uploads\/2023\/09\/Studio-Claudia1-300x225.jpg 300w, https:\/\/centroessere.ch\/wp-content\/uploads\/2023\/09\/Studio-Claudia1-768x576.jpg 768w, https:\/\/centroessere.ch\/wp-content\/uploads\/2023\/09\/Studio-Claudia1-1024x768.jpg 1024w, https:\/\/centroessere.ch\/wp-content\/uploads\/2023\/09\/Studio-Claudia1-500x375.jpg 500w, https:\/\/centroessere.ch\/wp-content\/uploads\/2023\/09\/Studio-Claudia1-1200x900.jpg 1200w, https:\/\/centroessere.ch\/wp-content\/uploads\/2023\/09\/Studio-Claudia1.jpg 1600w\" sizes=\"(max-width: 300px) 85vw, 300px\" \/><\/p>\n<p><img loading=\"lazy\" decoding=\"async\" class=\"size-medium wp-image-925 aligncenter\" src=\"https:\/\/centroessere.ch\/wp-content\/uploads\/2023\/09\/Studio-Claudia2-300x169.jpg\" alt=\"\" width=\"300\" height=\"169\" srcset=\"https:\/\/centroessere.ch\/wp-content\/uploads\/2023\/09\/Studio-Claudia2-300x169.jpg 300w, https:\/\/centroessere.ch\/wp-content\/uploads\/2023\/09\/Studio-Claudia2-768x432.jpg 768w, https:\/\/centroessere.ch\/wp-content\/uploads\/2023\/09\/Studio-Claudia2-1024x576.jpg 1024w, https:\/\/centroessere.ch\/wp-content\/uploads\/2023\/09\/Studio-Claudia2-500x281.jpg 500w, https:\/\/centroessere.ch\/wp-content\/uploads\/2023\/09\/Studio-Claudia2-1200x675.jpg 1200w, https:\/\/centroessere.ch\/wp-content\/uploads\/2023\/09\/Studio-Claudia2.jpg 1600w\" sizes=\"(max-width: 300px) 85vw, 300px\" \/><\/p>\n<h5><strong>Curriculum Vitae<br><\/strong><\/h5>\n<p>Per il Curriculum Vitae completo <a href=\"https:\/\/centroessere.ch\/wp-content\/uploads\/2023\/09\/2023.09_CV-Claudia-Ara.pdf\">clicca qui<\/a>.<\/p>\n<p><\/p>\n<h5>Affiliazioni<\/h5>\n<p>FSP (Federazione Svizzera Psicologi Psicoterapeuti)<br>ATP (Associazione Ticinese Psicologi)<br>EMDR Italia (Eye Movement Desensitization and Reprocessing)<\/p>\n<table>\n<tbody>\n<tr>\n<td style=\"background-color: #cd90ce;\" width=\"302\"><strong>Telefono &amp; E-mail<br><\/strong>0041 79 260 78 18<br>info@claudiaara.ch<strong><br><\/strong><p><\/p>\n<\/td>\n<td style=\"background-color: #dfb4e0;\" width=\"302\">\n<p><strong>Socialmedia<br><\/strong><a href=\"https:\/\/www.facebook.com\/dr.ssaclaudiaara\/\">Facebook<\/a><\/p>\n<p><a href=\"_wp_link_placeholder\" data-wplink-edit=\"true\">Linkedin<\/a><\/p>\n<\/td>\n<\/tr>\n<\/tbody>\n<\/table>\n<p style=\"text-align: center;\"><em>Tutte le sedute sono fatturate indipendentemente dalla ragione dell\u2019annullamento salvo se annunciato con almeno 48 ore di anticipo.<\/em><\/p>\n\n\n<p><\/p>\n\n\n<p><!--EndFragment--><\/p>","protected":false},"excerpt":{"rendered":"<p>Claudia Ara Psicologa e Psicoterapeuta FSP,Sessuologa clinica,Terapeuta EMDR e Ipnosi,Mediazione Familiare Lista di attesa: un paio di settimane.Assicurazione: Coperta dalla cassa malati di base. Per fissare un primo incontro \u00e8 necessario avere una prescrizione medica per sedute di psicoterapia, stilata dal medico di famiglia o da un medico psichiatra. Tutte le sedute sono fatturate indipendentemente &hellip; <a href=\"https:\/\/centroessere.ch\/?page_id=914\" class=\"more-link\">Leggi tutto<span class=\"screen-reader-text\"> &#8220;Claudia Ara&#8221;<\/span><\/a><\/p>\n","protected":false},"author":2,"featured_media":0,"parent":8,"menu_order":0,"comment_status":"closed","ping_status":"closed","template":"template-no-sidebar.php","meta":{"footnotes":""},"class_list":["post-914","page","type-page","status-publish","hentry"],"_links":{"self":[{"href":"https:\/\/centroessere.ch\/index.php?rest_route=\/wp\/v2\/pages\/914"}],"collection":[{"href":"https:\/\/centroessere.ch\/index.php?rest_route=\/wp\/v2\/pages"}],"about":[{"href":"https:\/\/centroessere.ch\/index.php?rest_route=\/wp\/v2\/types\/page"}],"author":[{"embeddable":true,"href":"https:\/\/centroessere.ch\/index.php?rest_route=\/wp\/v2\/users\/2"}],"replies":[{"embeddable":true,"href":"https:\/\/centroessere.ch\/index.php?rest_route=%2Fwp%2Fv2%2Fcomments&post=914"}],"version-history":[{"count":19,"href":"https:\/\/centroessere.ch\/index.php?rest_route=\/wp\/v2\/pages\/914\/revisions"}],"predecessor-version":[{"id":998,"href":"https:\/\/centroessere.ch\/index.php?rest_route=\/wp\/v2\/pages\/914\/revisions\/998"}],"up":[{"embeddable":true,"href":"https:\/\/centroessere.ch\/index.php?rest_route=\/wp\/v2\/pages\/8"}],"wp:attachment":[{"href":"https:\/\/centroessere.ch\/index.php?rest_route=%2Fwp%2Fv2%2Fmedia&parent=914"}],"curies":[{"name":"wp","href":"https:\/\/api.w.org\/{rel}","templated":true}]}}